{"id":457,"date":"2025-01-15T09:20:45","date_gmt":"2025-01-15T08:20:45","guid":{"rendered":"https:\/\/wiselka.nfhotel.usermd.net\/?page_id=457"},"modified":"2025-02-17T16:04:42","modified_gmt":"2025-02-17T15:04:42","slug":"atrakcje","status":"publish","type":"page","link":"https:\/\/www.villa-park.eu\/de\/atrakcje\/","title":{"rendered":"Sehensw\u00fcrdigkeiten"},"content":{"rendered":"","protected":false},"excerpt":{"rendered":"","protected":false},"author":1,"featured_media":0,"parent":0,"menu_order":0,"comment_status":"closed","ping_status":"closed","template":"","meta":{"_acf_changed":false,"footnotes":""},"class_list":["post-457","page","type-page","status-publish","hentry"],"acf":[],"yoast_head":"<!-- This site is optimized with the Yoast SEO plugin v24.6 - https:\/\/yoast.com\/wordpress\/plugins\/seo\/ -->\n<title>Atrakcje - Villa Park Wise\u0142ka SPA &amp; Wellness<\/title>\n<meta name=\"description\" content=\"Odkryj atrakcje Villa Park Wise\u0142ka \u2013 relaks w pi\u0119knym ogrodzie, wyj\u0105tkowe zabiegi SPA oraz liczne atrakcje turystyczne w pobli\u017cu, takie jak pla\u017ce i szlaki Woli\u0144skiego Parku Narodowego. Idealne miejsce na aktywny wypoczynek, regeneracj\u0119 i kontakt z natur\u0105\" \/>\n<meta name=\"robots\" content=\"index, follow, max-snippet:-1, max-image-preview:large, max-video-preview:-1\" \/>\n<link rel=\"canonical\" href=\"https:\/\/www.villa-park.eu\/de\/atrakcje\/\" \/>\n<meta property=\"og:locale\" content=\"de_DE\" \/>\n<meta property=\"og:type\" content=\"article\" \/>\n<meta property=\"og:title\" content=\"Atrakcje - Villa Park Wise\u0142ka SPA &amp; Wellness\" \/>\n<meta property=\"og:description\" content=\"Odkryj atrakcje Villa Park Wise\u0142ka \u2013 relaks w pi\u0119knym ogrodzie, wyj\u0105tkowe zabiegi SPA oraz liczne atrakcje turystyczne w pobli\u017cu, takie jak pla\u017ce i szlaki Woli\u0144skiego Parku Narodowego. Idealne miejsce na aktywny wypoczynek, regeneracj\u0119 i kontakt z natur\u0105\" \/>\n<meta property=\"og:url\" content=\"https:\/\/www.villa-park.eu\/de\/atrakcje\/\" \/>\n<meta property=\"og:site_name\" content=\"Villa Park Wise\u0142ka SPA &amp; Wellness\" \/>\n<meta property=\"article:modified_time\" content=\"2025-02-17T15:04:42+00:00\" \/>\n<meta name=\"twitter:card\" content=\"summary_large_image\" \/>\n<meta name=\"twitter:label1\" content=\"Gesch\u00e4tzte Lesezeit\" \/>\n\t<meta name=\"twitter:data1\" content=\"7\u00a0Minuten\" \/>\n<script type=\"application\/ld+json\" class=\"yoast-schema-graph\">{\"@context\":\"https:\/\/schema.org\",\"@graph\":[{\"@type\":\"WebPage\",\"@id\":\"https:\/\/www.villa-park.eu\/atrakcje\/\",\"url\":\"https:\/\/www.villa-park.eu\/atrakcje\/\",\"name\":\"Atrakcje - Villa Park Wise\u0142ka SPA &amp; Wellness\",\"isPartOf\":{\"@id\":\"https:\/\/www.villa-park.eu\/#website\"},\"datePublished\":\"2025-01-15T08:20:45+00:00\",\"dateModified\":\"2025-02-17T15:04:42+00:00\",\"description\":\"Odkryj atrakcje Villa Park Wise\u0142ka \u2013 relaks w pi\u0119knym ogrodzie, wyj\u0105tkowe zabiegi SPA oraz liczne atrakcje turystyczne w pobli\u017cu, takie jak pla\u017ce i szlaki Woli\u0144skiego Parku Narodowego. Idealne miejsce na aktywny wypoczynek, regeneracj\u0119 i kontakt z natur\u0105\",\"breadcrumb\":{\"@id\":\"https:\/\/www.villa-park.eu\/atrakcje\/#breadcrumb\"},\"inLanguage\":\"de\",\"potentialAction\":[{\"@type\":\"ReadAction\",\"target\":[\"https:\/\/www.villa-park.eu\/atrakcje\/\"]}]},{\"@type\":\"BreadcrumbList\",\"@id\":\"https:\/\/www.villa-park.eu\/atrakcje\/#breadcrumb\",\"itemListElement\":[{\"@type\":\"ListItem\",\"position\":1,\"name\":\"Strona g\u0142\u00f3wna\",\"item\":\"https:\/\/www.villa-park.eu\/\"},{\"@type\":\"ListItem\",\"position\":2,\"name\":\"Atrakcje\"}]},{\"@type\":\"WebSite\",\"@id\":\"https:\/\/www.villa-park.eu\/#website\",\"url\":\"https:\/\/www.villa-park.eu\/\",\"name\":\"Villa Park Wise\u0142ka SPA &amp; Wellness\",\"description\":\"Twoje miejsce w Wise\u0142ce nad Ba\u0142tykiem\",\"potentialAction\":[{\"@type\":\"SearchAction\",\"target\":{\"@type\":\"EntryPoint\",\"urlTemplate\":\"https:\/\/www.villa-park.eu\/?s={search_term_string}\"},\"query-input\":{\"@type\":\"PropertyValueSpecification\",\"valueRequired\":true,\"valueName\":\"search_term_string\"}}],\"inLanguage\":\"de\"}]}<\/script>\n<!-- \/ Yoast SEO plugin. -->","yoast_head_json":{"title":"Atrakcje - Villa Park Wise\u0142ka SPA &amp; Wellness","description":"Odkryj atrakcje Villa Park Wise\u0142ka \u2013 relaks w pi\u0119knym ogrodzie, wyj\u0105tkowe zabiegi SPA oraz liczne atrakcje turystyczne w pobli\u017cu, takie jak pla\u017ce i szlaki Woli\u0144skiego Parku Narodowego. Idealne miejsce na aktywny wypoczynek, regeneracj\u0119 i kontakt z natur\u0105","robots":{"index":"index","follow":"follow","max-snippet":"max-snippet:-1","max-image-preview":"max-image-preview:large","max-video-preview":"max-video-preview:-1"},"canonical":"https:\/\/www.villa-park.eu\/de\/atrakcje\/","og_locale":"de_DE","og_type":"article","og_title":"Atrakcje - Villa Park Wise\u0142ka SPA &amp; Wellness","og_description":"Odkryj atrakcje Villa Park Wise\u0142ka \u2013 relaks w pi\u0119knym ogrodzie, wyj\u0105tkowe zabiegi SPA oraz liczne atrakcje turystyczne w pobli\u017cu, takie jak pla\u017ce i szlaki Woli\u0144skiego Parku Narodowego. Idealne miejsce na aktywny wypoczynek, regeneracj\u0119 i kontakt z natur\u0105","og_url":"https:\/\/www.villa-park.eu\/de\/atrakcje\/","og_site_name":"Villa Park Wise\u0142ka SPA &amp; Wellness","article_modified_time":"2025-02-17T15:04:42+00:00","twitter_card":"summary_large_image","twitter_misc":{"Gesch\u00e4tzte Lesezeit":"7\u00a0Minuten"},"schema":{"@context":"https:\/\/schema.org","@graph":[{"@type":"WebPage","@id":"https:\/\/www.villa-park.eu\/atrakcje\/","url":"https:\/\/www.villa-park.eu\/atrakcje\/","name":"Atrakcje - Villa Park Wise\u0142ka SPA &amp; Wellness","isPartOf":{"@id":"https:\/\/www.villa-park.eu\/#website"},"datePublished":"2025-01-15T08:20:45+00:00","dateModified":"2025-02-17T15:04:42+00:00","description":"Odkryj atrakcje Villa Park Wise\u0142ka \u2013 relaks w pi\u0119knym ogrodzie, wyj\u0105tkowe zabiegi SPA oraz liczne atrakcje turystyczne w pobli\u017cu, takie jak pla\u017ce i szlaki Woli\u0144skiego Parku Narodowego. Idealne miejsce na aktywny wypoczynek, regeneracj\u0119 i kontakt z natur\u0105","breadcrumb":{"@id":"https:\/\/www.villa-park.eu\/atrakcje\/#breadcrumb"},"inLanguage":"de","potentialAction":[{"@type":"ReadAction","target":["https:\/\/www.villa-park.eu\/atrakcje\/"]}]},{"@type":"BreadcrumbList","@id":"https:\/\/www.villa-park.eu\/atrakcje\/#breadcrumb","itemListElement":[{"@type":"ListItem","position":1,"name":"Strona g\u0142\u00f3wna","item":"https:\/\/www.villa-park.eu\/"},{"@type":"ListItem","position":2,"name":"Atrakcje"}]},{"@type":"WebSite","@id":"https:\/\/www.villa-park.eu\/#website","url":"https:\/\/www.villa-park.eu\/","name":"Villa Park Wise\u0142ka SPA &amp; Wellness","description":"Twoje miejsce w Wise\u0142ce nad Ba\u0142tykiem","potentialAction":[{"@type":"SearchAction","target":{"@type":"EntryPoint","urlTemplate":"https:\/\/www.villa-park.eu\/?s={search_term_string}"},"query-input":{"@type":"PropertyValueSpecification","valueRequired":true,"valueName":"search_term_string"}}],"inLanguage":"de"}]}},"_links":{"self":[{"href":"https:\/\/www.villa-park.eu\/de\/wp-json\/wp\/v2\/pages\/457","targetHints":{"allow":["GET"]}}],"collection":[{"href":"https:\/\/www.villa-park.eu\/de\/wp-json\/wp\/v2\/pages"}],"about":[{"href":"https:\/\/www.villa-park.eu\/de\/wp-json\/wp\/v2\/types\/page"}],"author":[{"embeddable":true,"href":"https:\/\/www.villa-park.eu\/de\/wp-json\/wp\/v2\/users\/1"}],"replies":[{"embeddable":true,"href":"https:\/\/www.villa-park.eu\/de\/wp-json\/wp\/v2\/comments?post=457"}],"version-history":[{"count":4,"href":"https:\/\/www.villa-park.eu\/de\/wp-json\/wp\/v2\/pages\/457\/revisions"}],"predecessor-version":[{"id":476,"href":"https:\/\/www.villa-park.eu\/de\/wp-json\/wp\/v2\/pages\/457\/revisions\/476"}],"wp:attachment":[{"href":"https:\/\/www.villa-park.eu\/de\/wp-json\/wp\/v2\/media?parent=457"}],"curies":[{"name":"wp","href":"https:\/\/api.w.org\/{rel}","templated":true}]}}