{"id":570,"date":"2025-01-21T11:25:16","date_gmt":"2025-01-21T10:25:16","guid":{"rendered":"https:\/\/wiselka.nfhotel.usermd.net\/?page_id=570"},"modified":"2025-12-18T09:42:17","modified_gmt":"2025-12-18T08:42:17","slug":"cennik","status":"publish","type":"page","link":"https:\/\/www.villa-park.eu\/de\/cennik\/","title":{"rendered":"Preisliste"},"content":{"rendered":"","protected":false},"excerpt":{"rendered":"","protected":false},"author":1,"featured_media":0,"parent":0,"menu_order":0,"comment_status":"closed","ping_status":"closed","template":"","meta":{"_acf_changed":false,"footnotes":""},"class_list":["post-570","page","type-page","status-publish","hentry"],"acf":[],"yoast_head":"<!-- This site is optimized with the Yoast SEO plugin v24.6 - https:\/\/yoast.com\/wordpress\/plugins\/seo\/ -->\n<title>Cennik - Villa Park Wise\u0142ka SPA &amp; Wellness<\/title>\n<meta name=\"description\" content=\"Sprawd\u017a cennik Villa Park Wise\u0142ka i zaplanuj wymarzon\u0105 podr\u00f3\u017c. Oferujemy atrakcyjne ceny za komfortowy pobyt, zabiegi SPA oraz us\u0142ugi wellness. Dowiedz si\u0119, jak skorzysta\u0107 z naszych wyj\u0105tkowych ofert i zarezerwowa\u0107 pobyt w malowniczym miejscu nad Ba\u0142tykiem.\" \/>\n<meta name=\"robots\" content=\"index, follow, max-snippet:-1, max-image-preview:large, max-video-preview:-1\" \/>\n<link rel=\"canonical\" href=\"https:\/\/www.villa-park.eu\/de\/cennik\/\" \/>\n<meta property=\"og:locale\" content=\"de_DE\" \/>\n<meta property=\"og:type\" content=\"article\" \/>\n<meta property=\"og:title\" content=\"Cennik - Villa Park Wise\u0142ka SPA &amp; Wellness\" \/>\n<meta property=\"og:description\" content=\"Sprawd\u017a cennik Villa Park Wise\u0142ka i zaplanuj wymarzon\u0105 podr\u00f3\u017c. Oferujemy atrakcyjne ceny za komfortowy pobyt, zabiegi SPA oraz us\u0142ugi wellness. Dowiedz si\u0119, jak skorzysta\u0107 z naszych wyj\u0105tkowych ofert i zarezerwowa\u0107 pobyt w malowniczym miejscu nad Ba\u0142tykiem.\" \/>\n<meta property=\"og:url\" content=\"https:\/\/www.villa-park.eu\/de\/cennik\/\" \/>\n<meta property=\"og:site_name\" content=\"Villa Park Wise\u0142ka SPA &amp; Wellness\" \/>\n<meta property=\"article:modified_time\" content=\"2025-12-18T08:42:17+00:00\" \/>\n<meta name=\"twitter:card\" content=\"summary_large_image\" \/>\n<meta name=\"twitter:label1\" content=\"Gesch\u00e4tzte Lesezeit\" \/>\n\t<meta name=\"twitter:data1\" content=\"4\u00a0Minuten\" \/>\n<script type=\"application\/ld+json\" class=\"yoast-schema-graph\">{\"@context\":\"https:\/\/schema.org\",\"@graph\":[{\"@type\":\"WebPage\",\"@id\":\"https:\/\/www.villa-park.eu\/cennik\/\",\"url\":\"https:\/\/www.villa-park.eu\/cennik\/\",\"name\":\"Cennik - Villa Park Wise\u0142ka SPA &amp; Wellness\",\"isPartOf\":{\"@id\":\"https:\/\/www.villa-park.eu\/#website\"},\"datePublished\":\"2025-01-21T10:25:16+00:00\",\"dateModified\":\"2025-12-18T08:42:17+00:00\",\"description\":\"Sprawd\u017a cennik Villa Park Wise\u0142ka i zaplanuj wymarzon\u0105 podr\u00f3\u017c. Oferujemy atrakcyjne ceny za komfortowy pobyt, zabiegi SPA oraz us\u0142ugi wellness. Dowiedz si\u0119, jak skorzysta\u0107 z naszych wyj\u0105tkowych ofert i zarezerwowa\u0107 pobyt w malowniczym miejscu nad Ba\u0142tykiem.\",\"breadcrumb\":{\"@id\":\"https:\/\/www.villa-park.eu\/cennik\/#breadcrumb\"},\"inLanguage\":\"de\",\"potentialAction\":[{\"@type\":\"ReadAction\",\"target\":[\"https:\/\/www.villa-park.eu\/cennik\/\"]}]},{\"@type\":\"BreadcrumbList\",\"@id\":\"https:\/\/www.villa-park.eu\/cennik\/#breadcrumb\",\"itemListElement\":[{\"@type\":\"ListItem\",\"position\":1,\"name\":\"Strona g\u0142\u00f3wna\",\"item\":\"https:\/\/www.villa-park.eu\/\"},{\"@type\":\"ListItem\",\"position\":2,\"name\":\"Cennik\"}]},{\"@type\":\"WebSite\",\"@id\":\"https:\/\/www.villa-park.eu\/#website\",\"url\":\"https:\/\/www.villa-park.eu\/\",\"name\":\"Villa Park Wise\u0142ka SPA &amp; Wellness\",\"description\":\"Twoje miejsce w Wise\u0142ce nad Ba\u0142tykiem\",\"potentialAction\":[{\"@type\":\"SearchAction\",\"target\":{\"@type\":\"EntryPoint\",\"urlTemplate\":\"https:\/\/www.villa-park.eu\/?s={search_term_string}\"},\"query-input\":{\"@type\":\"PropertyValueSpecification\",\"valueRequired\":true,\"valueName\":\"search_term_string\"}}],\"inLanguage\":\"de\"}]}<\/script>\n<!-- \/ Yoast SEO plugin. -->","yoast_head_json":{"title":"Cennik - Villa Park Wise\u0142ka SPA &amp; Wellness","description":"Sprawd\u017a cennik Villa Park Wise\u0142ka i zaplanuj wymarzon\u0105 podr\u00f3\u017c. Oferujemy atrakcyjne ceny za komfortowy pobyt, zabiegi SPA oraz us\u0142ugi wellness. Dowiedz si\u0119, jak skorzysta\u0107 z naszych wyj\u0105tkowych ofert i zarezerwowa\u0107 pobyt w malowniczym miejscu nad Ba\u0142tykiem.","robots":{"index":"index","follow":"follow","max-snippet":"max-snippet:-1","max-image-preview":"max-image-preview:large","max-video-preview":"max-video-preview:-1"},"canonical":"https:\/\/www.villa-park.eu\/de\/cennik\/","og_locale":"de_DE","og_type":"article","og_title":"Cennik - Villa Park Wise\u0142ka SPA &amp; Wellness","og_description":"Sprawd\u017a cennik Villa Park Wise\u0142ka i zaplanuj wymarzon\u0105 podr\u00f3\u017c. Oferujemy atrakcyjne ceny za komfortowy pobyt, zabiegi SPA oraz us\u0142ugi wellness. Dowiedz si\u0119, jak skorzysta\u0107 z naszych wyj\u0105tkowych ofert i zarezerwowa\u0107 pobyt w malowniczym miejscu nad Ba\u0142tykiem.","og_url":"https:\/\/www.villa-park.eu\/de\/cennik\/","og_site_name":"Villa Park Wise\u0142ka SPA &amp; Wellness","article_modified_time":"2025-12-18T08:42:17+00:00","twitter_card":"summary_large_image","twitter_misc":{"Gesch\u00e4tzte Lesezeit":"4\u00a0Minuten"},"schema":{"@context":"https:\/\/schema.org","@graph":[{"@type":"WebPage","@id":"https:\/\/www.villa-park.eu\/cennik\/","url":"https:\/\/www.villa-park.eu\/cennik\/","name":"Cennik - Villa Park Wise\u0142ka SPA &amp; Wellness","isPartOf":{"@id":"https:\/\/www.villa-park.eu\/#website"},"datePublished":"2025-01-21T10:25:16+00:00","dateModified":"2025-12-18T08:42:17+00:00","description":"Sprawd\u017a cennik Villa Park Wise\u0142ka i zaplanuj wymarzon\u0105 podr\u00f3\u017c. Oferujemy atrakcyjne ceny za komfortowy pobyt, zabiegi SPA oraz us\u0142ugi wellness. Dowiedz si\u0119, jak skorzysta\u0107 z naszych wyj\u0105tkowych ofert i zarezerwowa\u0107 pobyt w malowniczym miejscu nad Ba\u0142tykiem.","breadcrumb":{"@id":"https:\/\/www.villa-park.eu\/cennik\/#breadcrumb"},"inLanguage":"de","potentialAction":[{"@type":"ReadAction","target":["https:\/\/www.villa-park.eu\/cennik\/"]}]},{"@type":"BreadcrumbList","@id":"https:\/\/www.villa-park.eu\/cennik\/#breadcrumb","itemListElement":[{"@type":"ListItem","position":1,"name":"Strona g\u0142\u00f3wna","item":"https:\/\/www.villa-park.eu\/"},{"@type":"ListItem","position":2,"name":"Cennik"}]},{"@type":"WebSite","@id":"https:\/\/www.villa-park.eu\/#website","url":"https:\/\/www.villa-park.eu\/","name":"Villa Park Wise\u0142ka SPA &amp; Wellness","description":"Twoje miejsce w Wise\u0142ce nad Ba\u0142tykiem","potentialAction":[{"@type":"SearchAction","target":{"@type":"EntryPoint","urlTemplate":"https:\/\/www.villa-park.eu\/?s={search_term_string}"},"query-input":{"@type":"PropertyValueSpecification","valueRequired":true,"valueName":"search_term_string"}}],"inLanguage":"de"}]}},"_links":{"self":[{"href":"https:\/\/www.villa-park.eu\/de\/wp-json\/wp\/v2\/pages\/570","targetHints":{"allow":["GET"]}}],"collection":[{"href":"https:\/\/www.villa-park.eu\/de\/wp-json\/wp\/v2\/pages"}],"about":[{"href":"https:\/\/www.villa-park.eu\/de\/wp-json\/wp\/v2\/types\/page"}],"author":[{"embeddable":true,"href":"https:\/\/www.villa-park.eu\/de\/wp-json\/wp\/v2\/users\/1"}],"replies":[{"embeddable":true,"href":"https:\/\/www.villa-park.eu\/de\/wp-json\/wp\/v2\/comments?post=570"}],"version-history":[{"count":21,"href":"https:\/\/www.villa-park.eu\/de\/wp-json\/wp\/v2\/pages\/570\/revisions"}],"predecessor-version":[{"id":1541,"href":"https:\/\/www.villa-park.eu\/de\/wp-json\/wp\/v2\/pages\/570\/revisions\/1541"}],"wp:attachment":[{"href":"https:\/\/www.villa-park.eu\/de\/wp-json\/wp\/v2\/media?parent=570"}],"curies":[{"name":"wp","href":"https:\/\/api.w.org\/{rel}","templated":true}]}}